{"id":16,"date":"2016-02-18T10:40:05","date_gmt":"2016-02-18T09:40:05","guid":{"rendered":"http:\/\/forma-prim.be\/?page_id=16"},"modified":"2016-09-23T16:40:06","modified_gmt":"2016-09-23T15:40:06","slug":"nos-partenaires","status":"publish","type":"page","link":"https:\/\/forma-prim.be\/index.php\/page-d-exemple\/nos-partenaires\/","title":{"rendered":"Partners"},"content":{"rendered":"<p>Merci \u00e0 tous nos partenaires !<\/p>\n<p>&#8211; le r\u00e9seau d\u2019enseignement GO ! de la Communaut\u00e9 flamande ( GO! Gemeenschapsonderwijs)<br \/>\n&#8211; le Secr\u00e9tariat \u00e0 l\u2019enseignement des Villes et Communes flamandes (OVSG Onderwijskoepel van Steden en Gemeenten)<br \/>\n&#8211; l\u2019Enseignement Catholique de la Communaut\u00e9 flamande (KOV Katholiek Onderwijs Vlaanderen)<br \/>\n&#8211; l\u2019Assembl\u00e9e des petits organismes d\u2019enseignement (OKO Overleg Kleine Onderwijsverstrekkers)<br \/>\n&#8211;\u00a0l&#8217;Association des Professeurs de fran\u00e7ais en Flandre (PROFFF\u00a0asbl)<br \/>\n&#8211; l\u2019Alliance fran\u00e7aise Bruxelles-Europe<br \/>\n&#8211; l\u2019Alliance fran\u00e7aise de Flandre-Orientale<br \/>\n&#8211; le service culturel de l\u2019Ambassade de France<\/p>\n<table border=\"0\" width=\"200\">\n<tbody>\n<tr>\n<td><img decoding=\"async\" loading=\"lazy\" class=\"alignnone size-full wp-image-17\" src=\"http:\/\/forma-prim.be\/wp-content\/uploads\/2016\/02\/logoAmabassade.jpg\" alt=\"logoAmabassade\" width=\"271\" height=\"186\" \/><\/td>\n<td><img decoding=\"async\" loading=\"lazy\" class=\"alignnone size-medium wp-image-131\" src=\"http:\/\/forma-prim.be\/wp-content\/uploads\/2016\/02\/logoDOV-300x146.jpg\" alt=\"logoDOV\" width=\"300\" height=\"146\" srcset=\"https:\/\/forma-prim.be\/wp-content\/uploads\/2016\/02\/logoDOV-300x146.jpg 300w, https:\/\/forma-prim.be\/wp-content\/uploads\/2016\/02\/logoDOV.jpg 322w\" sizes=\"(max-width: 300px) 100vw, 300px\" \/><\/td>\n<td><img decoding=\"async\" loading=\"lazy\" class=\"alignnone size-full wp-image-132\" src=\"http:\/\/forma-prim.be\/wp-content\/uploads\/2016\/02\/allfran\u00e7aiselogo.jpg\" alt=\"allfran\u00e7aiselogo\" width=\"165\" height=\"116\" \/><\/td>\n<\/tr>\n<\/tbody>\n<\/table>\n","protected":false},"excerpt":{"rendered":"<p>Merci \u00e0 tous nos partenaires ! &#8211; le r\u00e9seau d\u2019enseignement GO ! de la Communaut\u00e9 flamande ( GO! Gemeenschapsonderwijs) &#8211; le Secr\u00e9tariat \u00e0 l\u2019enseignement des Villes et Communes flamandes (OVSG Onderwijskoepel van Steden en Gemeenten) &#8211; l\u2019Enseignement Catholique de la Communaut\u00e9 flamande (KOV Katholiek Onderwijs Vlaanderen) &#8211; l\u2019Assembl\u00e9e des petits organismes d\u2019enseignement (OKO Overleg Kleine &hellip; <a href=\"https:\/\/forma-prim.be\/index.php\/page-d-exemple\/nos-partenaires\/\" class=\"more-link\">Lees verder <span class=\"screen-reader-text\">Partners<\/span> <span class=\"meta-nav\">&rarr;<\/span><\/a><\/p>\n","protected":false},"author":1,"featured_media":0,"parent":2,"menu_order":0,"comment_status":"closed","ping_status":"closed","template":"","meta":[],"_links":{"self":[{"href":"https:\/\/forma-prim.be\/index.php\/wp-json\/wp\/v2\/pages\/16"}],"collection":[{"href":"https:\/\/forma-prim.be\/index.php\/wp-json\/wp\/v2\/pages"}],"about":[{"href":"https:\/\/forma-prim.be\/index.php\/wp-json\/wp\/v2\/types\/page"}],"author":[{"embeddable":true,"href":"https:\/\/forma-prim.be\/index.php\/wp-json\/wp\/v2\/users\/1"}],"replies":[{"embeddable":true,"href":"https:\/\/forma-prim.be\/index.php\/wp-json\/wp\/v2\/comments?post=16"}],"version-history":[{"count":10,"href":"https:\/\/forma-prim.be\/index.php\/wp-json\/wp\/v2\/pages\/16\/revisions"}],"predecessor-version":[{"id":261,"href":"https:\/\/forma-prim.be\/index.php\/wp-json\/wp\/v2\/pages\/16\/revisions\/261"}],"up":[{"embeddable":true,"href":"https:\/\/forma-prim.be\/index.php\/wp-json\/wp\/v2\/pages\/2"}],"wp:attachment":[{"href":"https:\/\/forma-prim.be\/index.php\/wp-json\/wp\/v2\/media?parent=16"}],"curies":[{"name":"wp","href":"https:\/\/api.w.org\/{rel}","templated":true}]}}