{"id":73,"date":"2016-02-18T11:18:31","date_gmt":"2016-02-18T10:18:31","guid":{"rendered":"http:\/\/forma-prim.be\/?page_id=73"},"modified":"2017-09-05T22:07:57","modified_gmt":"2017-09-05T21:07:57","slug":"wat-we-gebruiken","status":"publish","type":"page","link":"https:\/\/forma-prim.be\/index.php\/bronnen\/wat-we-gebruiken\/","title":{"rendered":"Wat we gebruiken"},"content":{"rendered":"<ul>\n<li><a href=\"http:\/\/www.scoop.it\/u\/formaprim\" target=\"_blank\">Scoop it Formaprim<\/a><\/li>\n<li><a href=\"http:\/\/enseignants.ecoledesloisirs.fr\/\">L&#8217;\u00e9cole des loisirs<\/a>\u00a0: elk jaar voor een heel goedkoop abonnement kan jij echte leuke boeken &#8220;Litt\u00e9rature jeunesse&#8221; vinden en gemakkelijk gebruiken met jullie klassen. Waarmee kunnen jullie veel projecten lanceren: book creator, stop motion, strips maken, of een &#8220;lecture&#8221;, theater natuurlijk, etc. (<a href=\"https:\/\/www.ecoledesmax.com\/\">S\u00e9lection des abonnements<\/a>)<\/li>\n<\/ul>\n<p><strong>Livres didactiques<\/strong><\/p>\n<ul>\n<ul>\n<li>Le jeu en classe de langue &#8211; Techniques et pratiques de classe<\/li>\n<\/ul>\n<\/ul>\n<p>Auteur(s) : Hayd\u00e9e Silva<br \/>\nISBN : 978-2-09-035349-5<br \/>\n<strong>Descriptif<\/strong> :<br \/>\nLa collection &#8220;Techniques et pratiques de classe&#8221; propose aux enseignants de langue et aux \u00e9tudiants en formation des ouvrages pour r\u00e9pondre aux questions th\u00e9oriques et pratiques que pose l&#8217;enseignement des langues.<br \/>\nLe jeu en classe de langue se fixe pour but d&#8217;aider \u00e0 mieux int\u00e9grer le jeu dans la classe en tant qu&#8217;outil d&#8217;enseignement et d&#8217;apprentissage.<br \/>\nLe jeu en classe de langue se fixe pour but d&#8217;aider \u00e0 mieux int\u00e9grer le jeu dans la classe en tant qu&#8217;outil d&#8217;enseignement et d&#8217;apprentissage. Face \u00e0 la grande diversit\u00e9 des publics, des objectifs \u00e0 atteindre et des situations d&#8217;enseignement, il s&#8217;agit moins de fournir des recettes pr\u00eates \u00e0 l&#8217;emploi que de pr\u00e9senter des matrices susceptibles de r\u00e9pondre \u00e0 des besoins multiples et singuliers.<\/p>\n<p>L&#8217;ouvrage comporte deux parties :<br \/>\n&#8211; La premi\u00e8re fournit aux enseignants des orientations pour engager ou poursuivre la r\u00e9flexion sur l&#8217;exploitation p\u00e9dagogique du jeu, ainsi que des pistes concr\u00e8tes pour tirer le meilleur parti des supports ludiques et pour cr\u00e9er une atmosph\u00e8re propice au jeu ;<\/p>\n<p>&#8211; La seconde, ax\u00e9e sur des propositions pratiques pour la classe, inclut 20 matrices de jeu donnant lieu \u00e0 des centaines d&#8217;exploitations p\u00e9dagogiques diff\u00e9rentes. Chaque matrice est ilustr\u00e9e par une application d\u00e9taill\u00e9e pr\u00eate \u00e0 l&#8217;emploi, suivie d&#8217;une dizaine de suggestions de variantes.<\/p>\n","protected":false},"excerpt":{"rendered":"<p>Scoop it Formaprim L&#8217;\u00e9cole des loisirs\u00a0: elk jaar voor een heel goedkoop abonnement kan jij echte leuke boeken &#8220;Litt\u00e9rature jeunesse&#8221; vinden en gemakkelijk gebruiken met jullie klassen. Waarmee kunnen jullie veel projecten lanceren: book creator, stop motion, strips maken, of een &#8220;lecture&#8221;, theater natuurlijk, etc. (S\u00e9lection des abonnements) Livres didactiques Le jeu en classe de &hellip; <a href=\"https:\/\/forma-prim.be\/index.php\/bronnen\/wat-we-gebruiken\/\" class=\"more-link\">Lees verder <span class=\"screen-reader-text\">Wat we gebruiken<\/span> <span class=\"meta-nav\">&rarr;<\/span><\/a><\/p>\n","protected":false},"author":1,"featured_media":0,"parent":71,"menu_order":0,"comment_status":"closed","ping_status":"closed","template":"","meta":[],"_links":{"self":[{"href":"https:\/\/forma-prim.be\/index.php\/wp-json\/wp\/v2\/pages\/73"}],"collection":[{"href":"https:\/\/forma-prim.be\/index.php\/wp-json\/wp\/v2\/pages"}],"about":[{"href":"https:\/\/forma-prim.be\/index.php\/wp-json\/wp\/v2\/types\/page"}],"author":[{"embeddable":true,"href":"https:\/\/forma-prim.be\/index.php\/wp-json\/wp\/v2\/users\/1"}],"replies":[{"embeddable":true,"href":"https:\/\/forma-prim.be\/index.php\/wp-json\/wp\/v2\/comments?post=73"}],"version-history":[{"count":7,"href":"https:\/\/forma-prim.be\/index.php\/wp-json\/wp\/v2\/pages\/73\/revisions"}],"predecessor-version":[{"id":321,"href":"https:\/\/forma-prim.be\/index.php\/wp-json\/wp\/v2\/pages\/73\/revisions\/321"}],"up":[{"embeddable":true,"href":"https:\/\/forma-prim.be\/index.php\/wp-json\/wp\/v2\/pages\/71"}],"wp:attachment":[{"href":"https:\/\/forma-prim.be\/index.php\/wp-json\/wp\/v2\/media?parent=73"}],"curies":[{"name":"wp","href":"https:\/\/api.w.org\/{rel}","templated":true}]}}